{"id":9,"date":"2015-03-02T07:23:55","date_gmt":"2015-03-02T07:23:55","guid":{"rendered":"http:\/\/vle.com.mx\/capacitacion\/?page_id=9"},"modified":"2015-06-24T21:27:55","modified_gmt":"2015-06-24T21:27:55","slug":"delirio","status":"publish","type":"page","link":"http:\/\/vle.com.mx\/capacitacion\/delirio\/","title":{"rendered":"An\u00edmate"},"content":{"rendered":"<p><a href=\"http:\/\/vle.com.mx\/capacitacion\/wp-content\/uploads\/2015\/03\/animate.jpg\"><img loading=\"lazy\" class=\"alignnone size-full wp-image-317\" src=\"http:\/\/vle.com.mx\/capacitacion\/wp-content\/uploads\/2015\/03\/animate.jpg\" alt=\"animate\" width=\"487\" height=\"341\" srcset=\"http:\/\/vle.com.mx\/capacitacion\/wp-content\/uploads\/2015\/03\/animate.jpg 487w, http:\/\/vle.com.mx\/capacitacion\/wp-content\/uploads\/2015\/03\/animate-300x210.jpg 300w\" sizes=\"(max-width: 487px) 100vw, 487px\" \/><\/a><br \/>\n<div role=\"form\" class=\"wpcf7\" id=\"wpcf7-f76-o1\" lang=\"es-ES\" dir=\"ltr\">\n<div class=\"screen-reader-response\"><\/div>\n<form action=\"\/capacitacion\/wp-json\/wp\/v2\/pages\/9#wpcf7-f76-o1\" method=\"post\" class=\"wpcf7-form\" novalidate=\"novalidate\">\n<div style=\"display: none;\">\n<input type=\"hidden\" name=\"_wpcf7\" value=\"76\" \/>\n<input type=\"hidden\" name=\"_wpcf7_version\" value=\"4.4.2\" \/>\n<input type=\"hidden\" name=\"_wpcf7_locale\" value=\"es_ES\" \/>\n<input type=\"hidden\" name=\"_wpcf7_unit_tag\" value=\"wpcf7-f76-o1\" \/>\n<input type=\"hidden\" name=\"_wpnonce\" value=\"be017a0a80\" \/>\n<\/div>\n<p>Nombre <br \/>\n    <span class=\"wpcf7-form-control-wrap your-name\"><input type=\"text\" name=\"your-name\" value=\"\" size=\"40\" class=\"wpcf7-form-control wpcf7-text wpcf7-validates-as-required\" aria-required=\"true\" aria-invalid=\"false\" \/><\/span> <\/p>\n<p>Correo Electr\u00f3nico<br \/>\n    <span class=\"wpcf7-form-control-wrap your-email\"><input type=\"email\" name=\"your-email\" value=\"\" size=\"40\" class=\"wpcf7-form-control wpcf7-text wpcf7-email wpcf7-validates-as-required wpcf7-validates-as-email\" aria-required=\"true\" aria-invalid=\"false\" \/><\/span> <\/p>\n<p>Asunto<br \/>\n    <span class=\"wpcf7-form-control-wrap your-subject\"><input type=\"text\" name=\"your-subject\" value=\"\" size=\"40\" class=\"wpcf7-form-control wpcf7-text\" aria-invalid=\"false\" \/><\/span> <\/p>\n<p>Mensaje<br \/>\n    <span class=\"wpcf7-form-control-wrap your-message\"><textarea name=\"your-message\" cols=\"40\" rows=\"10\" class=\"wpcf7-form-control wpcf7-textarea\" aria-invalid=\"false\"><\/textarea><\/span> <\/p>\n<p><input type=\"submit\" value=\"Enviar\" class=\"wpcf7-form-control wpcf7-submit\" \/><\/p>\n<div class=\"wpcf7-response-output wpcf7-display-none\"><\/div><\/form><\/div><\/p>\n<p style=\"padding-left: 30px;\">Moras 821-301 Col. Acacias Del. Benito Ju\u00e1rez M\u00e9xico, D.F. 03240 | (5255) 52714425 | (5255) 52738115 | <a href=\"https:\/\/www.facebook.com\/VLe01\" target=\"_blank\"><span style=\"color: #333399;\">contacto@vLe.com.mx<\/span> <\/a>| <strong>S\u00edguenos<\/strong> en <span style=\"color: #333399;\"><a style=\"color: #333399;\" href=\"https:\/\/www.facebook.com\/VLe01\" target=\"_blank\">Facebook<\/a><\/span> | <span style=\"color: #333399;\"><a style=\"color: #333399;\" href=\"http:\/\/twitter.com\/VLe01\">Twitter<\/a><\/span><\/p>\n","protected":false},"excerpt":{"rendered":"<p>Moras 821-301 Col. Acacias Del. Benito Ju\u00e1rez M\u00e9xico, D.F. 03240 | (5255) 52714425 | (5255) 52738115 | contacto@vLe.com.mx | S\u00edguenos en Facebook | Twitter<\/p>\n","protected":false},"author":1,"featured_media":0,"parent":0,"menu_order":5,"comment_status":"closed","ping_status":"closed","template":"","meta":[],"_links":{"self":[{"href":"http:\/\/vle.com.mx\/capacitacion\/wp-json\/wp\/v2\/pages\/9"}],"collection":[{"href":"http:\/\/vle.com.mx\/capacitacion\/wp-json\/wp\/v2\/pages"}],"about":[{"href":"http:\/\/vle.com.mx\/capacitacion\/wp-json\/wp\/v2\/types\/page"}],"author":[{"embeddable":true,"href":"http:\/\/vle.com.mx\/capacitacion\/wp-json\/wp\/v2\/users\/1"}],"replies":[{"embeddable":true,"href":"http:\/\/vle.com.mx\/capacitacion\/wp-json\/wp\/v2\/comments?post=9"}],"version-history":[{"count":16,"href":"http:\/\/vle.com.mx\/capacitacion\/wp-json\/wp\/v2\/pages\/9\/revisions"}],"predecessor-version":[{"id":383,"href":"http:\/\/vle.com.mx\/capacitacion\/wp-json\/wp\/v2\/pages\/9\/revisions\/383"}],"wp:attachment":[{"href":"http:\/\/vle.com.mx\/capacitacion\/wp-json\/wp\/v2\/media?parent=9"}],"curies":[{"name":"wp","href":"https:\/\/api.w.org\/{rel}","templated":true}]}}