{"id":305,"date":"2015-05-27T19:59:38","date_gmt":"2015-05-27T19:59:38","guid":{"rendered":"http:\/\/vle.com.mx\/capacitacion\/?page_id=305"},"modified":"2016-07-07T05:01:16","modified_gmt":"2016-07-07T05:01:16","slug":"el-team","status":"publish","type":"page","link":"http:\/\/vle.com.mx\/capacitacion\/el-team\/","title":{"rendered":"El TEAM"},"content":{"rendered":"<h2 style=\"padding-left: 30px;\"><span style=\"color: #333399;\"><strong>Somos<\/strong> <\/span><\/h2>\n<p style=\"padding-left: 30px;\"><span style=\"color: #000000;\">docentes que conservamos el poder de asombrarse, que estamos dispuestos a crear, que disfrutamos al ense\u00f1ar, que estamos dispuestos a transformar y a transformarnos. Queremos que los participantes disfruten, se diviertan, exploren, se aventuren, se arriesguen, urdan, inventen y se agiten, pues creemos en la recuperaci\u00f3n del placer de la capacitaci\u00f3n; en el rescate de su lado humano y -\u00bfpor qu\u00e9 no?- virtuoso. Entendemos adem\u00e1s que la integridad que debe pautar nuestras actividades profesionales no germina exclusivamente en el quehacer empresarial sino tambi\u00e9n en el compromiso diario y desinteresado con causas que trascienden el \u00e1mbito de los negocios. <\/span><span style=\"color: #808080;\">Por ello estamos altamente involucrados en la defensa de los derechos de los animales no-humanos.<\/span><\/p>\n<div class=\"csRow\">\n<div class=\"csRow\">\n<div class=\"csColumnGap\" style=\"margin: 0px; padding: 0px; float: left; width: 4.06%;\"><img src=\"http:\/\/vle.com.mx\/capacitacion\/wp-content\/plugins\/advanced-wp-columns\/assets\/js\/plugins\/views\/img\/1x1-pixel.png\" alt=\"\" \/><\/div>\n<div class=\"csColumn\" style=\"margin: 0px; padding: 0px; float: left; width: 30.3%;\" data-csid=\"a0aaa1a7-050b-4ad8-921a-11121814c136\" data-cswidth=\"30.3%\" data-csendpoint=\"329.9999987011719\" data-csstartpoint=\"38.999998701171876\"><span style=\"color: #808080;\"><a href=\"http:\/\/vle.com.mx\/capacitacion\/wp-content\/uploads\/2015\/05\/1.jpg\"><img loading=\"lazy\" class=\"alignnone wp-image-427 size-full\" src=\"http:\/\/vle.com.mx\/capacitacion\/wp-content\/uploads\/2015\/05\/1.jpg\" alt=\"\" width=\"234\" height=\"231\" \/><\/a><\/span><\/div>\n<div class=\"csColumnGap\" style=\"margin: 0px; padding: 0px; float: left; width: 2.08%;\"><img src=\"http:\/\/vle.com.mx\/capacitacion\/wp-content\/plugins\/advanced-wp-columns\/assets\/js\/plugins\/views\/img\/1x1-pixel.png\" alt=\"\" \/><\/div>\n<div class=\"csColumn\" style=\"margin: 0px; padding: 0px; float: left; width: 52.8%;\" data-csid=\"3ee8f1ab-fad2-d180-8292-4eb87c25ae9f\" data-cswidth=\"52.8%\" data-csendpoint=\"857.00002921875\" data-csstartpoint=\"349.9999987011719\"><span style=\"color: #000000;\"><strong>L.R.C. Alicia Reyes<\/strong> |<\/span> <span style=\"color: #333399;\"><strong>Directora Acad\u00e9mica.<\/strong><\/span> <span style=\"color: #000000;\">Enamorada de las peque\u00f1as grandes cosas de la vida ha sido docente por m\u00e1s de 40 a\u00f1os. Reconocimiento nacional al Servicio Comunitario SEDESOL 2003. Es autora de programas de estudio, dise\u00f1adora de cursos de formaci\u00f3n, profesora investigadora y directora de proyectos sobre discapacidad.<\/span><\/div>\n<div class=\"csColumnGap\" style=\"margin: 0px; padding: 0px; float: left; width: 10.7%;\"><img src=\"http:\/\/vle.com.mx\/capacitacion\/wp-content\/plugins\/advanced-wp-columns\/assets\/js\/plugins\/views\/img\/1x1-pixel.png\" alt=\"\" \/><\/div>\n<div style=\"clear: both; float: none; display: block; visibility: hidden; width: 0px; font-size: 0px; line-height: 0;\"><\/div>\n<\/div>\n<div class=\"csRow\">\n<div class=\"csColumnGap\" style=\"margin: 0px; padding: 0px; float: left; width: 3.96%;\"><img src=\"http:\/\/vle.com.mx\/capacitacion\/wp-content\/plugins\/advanced-wp-columns\/assets\/js\/plugins\/views\/img\/1x1-pixel.png\" alt=\"\" \/><\/div>\n<div class=\"csColumn\" style=\"margin: 0px; padding: 0px; float: left; width: 53%;\" data-csid=\"a0aaa1a7-050b-4ad8-921a-11121814c136\" data-cswidth=\"53.0%\" data-csendpoint=\"547.00002921875\" data-csstartpoint=\"37.999998701171876\"><\/div>\n<\/div>\n<div class=\"csRow\">\n<div class=\"csColumnGap\" style=\"margin: 0px; padding: 0px; float: left; width: 3.96%;\"><img src=\"http:\/\/vle.com.mx\/capacitacion\/wp-content\/plugins\/advanced-wp-columns\/assets\/js\/plugins\/views\/img\/1x1-pixel.png\" alt=\"\" \/><\/div>\n<div class=\"csColumn\" style=\"margin: 0px; padding: 0px; float: left; width: 53%;\" data-csid=\"a0aaa1a7-050b-4ad8-921a-11121814c136\" data-cswidth=\"53.0%\" data-csendpoint=\"547.00002921875\" data-csstartpoint=\"37.999998701171876\"><span style=\"color: #808080;\"><span style=\"color: #333399;\">. . . . . . . . . . . . . . . . . . . . . . . . . . . . . . . . . . . . . . . . .<\/span> <\/span> <span style=\"color: #000000;\"><strong>C.P. Rafael Segovia | <\/strong><\/span><span style=\"color: #333399;\"><strong>Director Comercial.<\/strong><\/span> <span style=\"color: #000000;\">Especialista en finanzas, calidad y comercio internacional. Ha sido colaborador en Nafinsa, IPN, LICONSA y Metropolitana C\u00eda. de Seguros entre otras. Adem\u00e1s es lector, corredor, amante de los animales y mago por afici\u00f3n.<\/span><\/div>\n<div class=\"csColumnGap\" style=\"margin: 0px; padding: 0px; float: left; width: 2.08%;\"><span style=\"color: #000000;\"><img src=\"http:\/\/vle.com.mx\/capacitacion\/wp-content\/plugins\/advanced-wp-columns\/assets\/js\/plugins\/views\/img\/1x1-pixel.png\" alt=\"\" \/><\/span><\/div>\n<div class=\"csColumn\" style=\"margin: 0px; padding: 0px; float: left; width: 30.2%;\" data-csid=\"3ee8f1ab-fad2-d180-8292-4eb87c25ae9f\" data-cswidth=\"30.2%\" data-csendpoint=\"857.00002921875\" data-csstartpoint=\"567.00002921875\"><span style=\"color: #000000;\"><a style=\"color: #000000;\" href=\"http:\/\/vle.com.mx\/capacitacion\/wp-content\/uploads\/2015\/05\/2.jpg\"><img loading=\"lazy\" class=\"alignnone wp-image-429 size-full\" src=\"http:\/\/vle.com.mx\/capacitacion\/wp-content\/uploads\/2015\/05\/2.jpg\" alt=\"\" width=\"234\" height=\"231\" \/><\/a><\/span><\/div>\n<div class=\"csRow\"><\/div>\n<\/div>\n<div class=\"csRow\">\n<div class=\"csColumnGap\" style=\"margin: 0px; padding: 0px; float: left; width: 3.96%;\"><img src=\"http:\/\/vle.com.mx\/capacitacion\/wp-content\/plugins\/advanced-wp-columns\/assets\/js\/plugins\/views\/img\/1x1-pixel.png\" alt=\"\" \/><\/div>\n<div class=\"csColumn\" style=\"margin: 0px; padding: 0px; float: left; width: 53%;\" data-csid=\"a0aaa1a7-050b-4ad8-921a-11121814c136\" data-cswidth=\"53.0%\" data-csendpoint=\"547.00002921875\" data-csstartpoint=\"37.999998701171876\"><\/div>\n<\/div>\n<h6 style=\"padding-left: 30px;\"><span style=\"color: #333399;\"><strong>Instructores con amplia experiencia profesional capacitados pedag\u00f3gicamente.<\/strong><\/span><\/h6>\n<p>&nbsp;<\/p>\n<div class=\"csRow\">\n<div class=\"csRow\">\n<div class=\"csColumnGap\" style=\"margin: 0px; padding: 0px; float: left; width: 4.06%;\"><img src=\"http:\/\/vle.com.mx\/capacitacion\/wp-content\/plugins\/advanced-wp-columns\/assets\/js\/plugins\/views\/img\/1x1-pixel.png\" alt=\"\" \/><\/div>\n<div class=\"csColumn\" style=\"margin: 0px; padding: 0px; float: left; width: 30.3%;\" data-csid=\"a0aaa1a7-050b-4ad8-921a-11121814c136\" data-cswidth=\"30.3%\" data-csendpoint=\"329.9999987011719\" data-csstartpoint=\"38.999998701171876\"><span style=\"color: #808080;\"><a href=\"http:\/\/vle.com.mx\/capacitacion\/wp-content\/uploads\/2015\/05\/3.jpg\"><img loading=\"lazy\" class=\"alignnone wp-image-431 size-full\" src=\"http:\/\/vle.com.mx\/capacitacion\/wp-content\/uploads\/2015\/05\/3.jpg\" alt=\"\" width=\"234\" height=\"231\" \/><\/a><\/span><\/div>\n<div class=\"csColumnGap\" style=\"margin: 0px; padding: 0px; float: left; width: 2.08%;\"><img src=\"http:\/\/vle.com.mx\/capacitacion\/wp-content\/plugins\/advanced-wp-columns\/assets\/js\/plugins\/views\/img\/1x1-pixel.png\" alt=\"\" \/><\/div>\n<div class=\"csColumn\" style=\"margin: 0px; padding: 0px; float: left; width: 52.8%;\" data-csid=\"3ee8f1ab-fad2-d180-8292-4eb87c25ae9f\" data-cswidth=\"52.8%\" data-csendpoint=\"857.00002921875\" data-csstartpoint=\"349.9999987011719\"><span style=\"color: #000000;\"><strong><em>Stylist <\/em>Carmen Lara<\/strong><strong>.<\/strong> Mercad\u00f3loga, comunic\u00f3loga, ex modelo, reina de belleza, <em>stylist <\/em>y Directora General de Golden Outfit. M\u00e1s de 10 a\u00f1os de experiencia en mercadotecnia para empresas de <em>retail<\/em>, moda y estilo de vida.<\/span><\/div>\n<div class=\"csColumnGap\" style=\"margin: 0px; padding: 0px; float: left; width: 10.7%;\"><img src=\"http:\/\/vle.com.mx\/capacitacion\/wp-content\/plugins\/advanced-wp-columns\/assets\/js\/plugins\/views\/img\/1x1-pixel.png\" alt=\"\" \/><\/div>\n<div style=\"clear: both; float: none; display: block; visibility: hidden; width: 0px; font-size: 0px; line-height: 0;\"><\/div>\n<\/div>\n<div class=\"csRow\">\n<div class=\"csColumnGap\" style=\"margin: 0px; padding: 0px; float: left; width: 3.96%;\"><img src=\"http:\/\/vle.com.mx\/capacitacion\/wp-content\/plugins\/advanced-wp-columns\/assets\/js\/plugins\/views\/img\/1x1-pixel.png\" alt=\"\" \/><\/div>\n<div class=\"csColumn\" style=\"margin: 0px; padding: 0px; float: left; width: 53%;\" data-csid=\"a0aaa1a7-050b-4ad8-921a-11121814c136\" data-cswidth=\"53.0%\" data-csendpoint=\"547.00002921875\" data-csstartpoint=\"37.999998701171876\"><\/div>\n<\/div>\n<div class=\"csRow\">\n<div class=\"csRow\">\n<div class=\"csColumnGap\" style=\"margin: 0px; padding: 0px; float: left; width: 3.96%;\"><img src=\"http:\/\/vle.com.mx\/capacitacion\/wp-content\/plugins\/advanced-wp-columns\/assets\/js\/plugins\/views\/img\/1x1-pixel.png\" alt=\"\" \/><\/div>\n<div class=\"csColumn\" style=\"margin: 0px; padding: 0px; float: left; width: 53%;\" data-csid=\"a0aaa1a7-050b-4ad8-921a-11121814c136\" data-cswidth=\"53.0%\" data-csendpoint=\"547.00002921875\" data-csstartpoint=\"37.999998701171876\"><span style=\"color: #333399;\">. . . . . . . . . . . . . . . . . . . . . . . . . . . . . . . . . . . . . . . . . <\/span><span style=\"color: #000000;\"> <strong>L.M. Gustavo Santana<\/strong><strong>.<\/strong> Experiencia profesional de 20 a\u00f1os en las \u00e1reas de Mercadotecnia, Publicidad y Comunicaci\u00f3n Organizacional. Docente a nivel licenciatura y posgrado as\u00ed como en capacitaci\u00f3n empresarial. Actualmente Director General de Tacti-K.<\/span><\/div>\n<div class=\"csColumnGap\" style=\"margin: 0px; padding: 0px; float: left; width: 2.08%;\"><img src=\"http:\/\/vle.com.mx\/capacitacion\/wp-content\/plugins\/advanced-wp-columns\/assets\/js\/plugins\/views\/img\/1x1-pixel.png\" alt=\"\" \/><\/div>\n<div class=\"csColumn\" style=\"margin: 0px; padding: 0px; float: left; width: 30.2%;\" data-csid=\"3ee8f1ab-fad2-d180-8292-4eb87c25ae9f\" data-cswidth=\"30.2%\" data-csendpoint=\"857.00002921875\" data-csstartpoint=\"567.00002921875\"><span style=\"color: #808080;\"><a href=\"http:\/\/vle.com.mx\/capacitacion\/wp-content\/uploads\/2015\/05\/41.jpg\"><img loading=\"lazy\" class=\"alignnone wp-image-432 size-full\" src=\"http:\/\/vle.com.mx\/capacitacion\/wp-content\/uploads\/2015\/05\/41.jpg\" alt=\"\" width=\"234\" height=\"231\" \/><\/a><\/span><\/div>\n<\/div>\n<\/div>\n<\/div>\n<\/div>\n<div class=\"csRow\">\n<p>&nbsp;<\/p>\n<div class=\"csRow\">\n<div class=\"csRow\">\n<div class=\"csColumnGap\" style=\"margin: 0px; padding: 0px; float: left; width: 4.06%;\"><img src=\"http:\/\/vle.com.mx\/capacitacion\/wp-content\/plugins\/advanced-wp-columns\/assets\/js\/plugins\/views\/img\/1x1-pixel.png\" alt=\"\" \/><\/div>\n<div class=\"csColumn\" style=\"margin: 0px; padding: 0px; float: left; width: 30.3%;\" data-csid=\"a0aaa1a7-050b-4ad8-921a-11121814c136\" data-cswidth=\"30.3%\" data-csendpoint=\"329.9999987011719\" data-csstartpoint=\"38.999998701171876\"><span style=\"color: #808080;\"><a href=\"http:\/\/vle.com.mx\/capacitacion\/wp-content\/uploads\/2015\/05\/5.jpg\"><img loading=\"lazy\" class=\"alignnone wp-image-433 size-full\" src=\"http:\/\/vle.com.mx\/capacitacion\/wp-content\/uploads\/2015\/05\/5.jpg\" alt=\"\" width=\"234\" height=\"231\" \/><\/a><\/span><\/div>\n<div class=\"csColumnGap\" style=\"margin: 0px; padding: 0px; float: left; width: 2.08%;\"><img src=\"http:\/\/vle.com.mx\/capacitacion\/wp-content\/plugins\/advanced-wp-columns\/assets\/js\/plugins\/views\/img\/1x1-pixel.png\" alt=\"\" \/><\/div>\n<div class=\"csColumn\" style=\"margin: 0px; padding: 0px; float: left; width: 52.8%;\" data-csid=\"3ee8f1ab-fad2-d180-8292-4eb87c25ae9f\" data-cswidth=\"52.8%\" data-csendpoint=\"857.00002921875\" data-csstartpoint=\"349.9999987011719\"><span style=\"color: #000000;\"><strong>E<\/strong><strong>scritora. Mar\u00edaisabel Mota<\/strong><strong>.<\/strong> Experta en Contenido Digital. Fundadora de PataPirata, organizaci\u00f3n civil sobre derechos animales. Especialista de Social media en Wunderman, Fleishman y Grey M\u00e9xico para marcas como L&#8217;Oreal, Met Life, LG, Movistar, Philips, Jansen, P&amp;G, Honda entre otras.<\/span><\/div>\n<div class=\"csColumnGap\" style=\"margin: 0px; padding: 0px; float: left; width: 10.7%;\"><img src=\"http:\/\/vle.com.mx\/capacitacion\/wp-content\/plugins\/advanced-wp-columns\/assets\/js\/plugins\/views\/img\/1x1-pixel.png\" alt=\"\" \/><\/div>\n<div style=\"clear: both; float: none; display: block; visibility: hidden; width: 0px; font-size: 0px; line-height: 0;\"><\/div>\n<\/div>\n<div class=\"csRow\">\n<div class=\"csColumnGap\" style=\"margin: 0px; padding: 0px; float: left; width: 3.96%;\"><img src=\"http:\/\/vle.com.mx\/capacitacion\/wp-content\/plugins\/advanced-wp-columns\/assets\/js\/plugins\/views\/img\/1x1-pixel.png\" alt=\"\" \/><\/div>\n<div class=\"csColumn\" style=\"margin: 0px; padding: 0px; float: left; width: 53%;\" data-csid=\"a0aaa1a7-050b-4ad8-921a-11121814c136\" data-cswidth=\"53.0%\" data-csendpoint=\"547.00002921875\" data-csstartpoint=\"37.999998701171876\"><\/div>\n<\/div>\n<div class=\"csRow\">\n<div class=\"csRow\">\n<div class=\"csColumnGap\" style=\"margin: 0px; padding: 0px; float: left; width: 3.96%;\"><img src=\"http:\/\/vle.com.mx\/capacitacion\/wp-content\/plugins\/advanced-wp-columns\/assets\/js\/plugins\/views\/img\/1x1-pixel.png\" alt=\"\" \/><\/div>\n<div class=\"csColumn\" style=\"margin: 0px; padding: 0px; float: left; width: 53%;\" data-csid=\"a0aaa1a7-050b-4ad8-921a-11121814c136\" data-cswidth=\"53.0%\" data-csendpoint=\"547.00002921875\" data-csstartpoint=\"37.999998701171876\"><span style=\"color: #808080;\"><span style=\"color: #333399;\">. . . . . . . . . . . . . . . . . . . . . . . . . . . . . . . . . . . . . . . . .<\/span>\u00a0 <\/span><span style=\"color: #000000;\"><strong>F.M. J<\/strong><strong>os\u00e9 Alfredo Segovia<\/strong><strong>.<\/strong> Con m\u00e1s de 25 a\u00f1os de experiencia profesional en las \u00e1reas de TI, Seguridad Inform\u00e1tica y docencia. F\u00edsico Matem\u00e1tico que ha colaborado en empresas como: Lightech, Unisys, Transdata, IPN, entre otras. Es gran lector, visitante asiduo a museos y teatr\u00f3filo.<\/span><\/div>\n<div class=\"csColumnGap\" style=\"margin: 0px; padding: 0px; float: left; width: 2.08%;\"><img src=\"http:\/\/vle.com.mx\/capacitacion\/wp-content\/plugins\/advanced-wp-columns\/assets\/js\/plugins\/views\/img\/1x1-pixel.png\" alt=\"\" \/><\/div>\n<div class=\"csColumn\" style=\"margin: 0px; padding: 0px; float: left; width: 30.2%;\" data-csid=\"3ee8f1ab-fad2-d180-8292-4eb87c25ae9f\" data-cswidth=\"30.2%\" data-csendpoint=\"857.00002921875\" data-csstartpoint=\"567.00002921875\"><span style=\"color: #808080;\"><a href=\"http:\/\/vle.com.mx\/capacitacion\/wp-content\/uploads\/2015\/05\/6.jpg\"><img loading=\"lazy\" class=\"alignnone wp-image-434 size-full\" src=\"http:\/\/vle.com.mx\/capacitacion\/wp-content\/uploads\/2015\/05\/6.jpg\" alt=\"\" width=\"234\" height=\"231\" \/><\/a><\/span><\/div>\n<\/div>\n<\/div>\n<\/div>\n<\/div>\n<div class=\"csRow\">\n<p>&nbsp;<\/p>\n<div class=\"csRow\">\n<div class=\"csRow\">\n<div class=\"csColumnGap\" style=\"margin: 0px; padding: 0px; float: left; width: 4.06%;\"><img src=\"http:\/\/vle.com.mx\/capacitacion\/wp-content\/plugins\/advanced-wp-columns\/assets\/js\/plugins\/views\/img\/1x1-pixel.png\" alt=\"\" \/><\/div>\n<div class=\"csColumn\" style=\"margin: 0px; padding: 0px; float: left; width: 30.3%;\" data-csid=\"a0aaa1a7-050b-4ad8-921a-11121814c136\" data-cswidth=\"30.3%\" data-csendpoint=\"329.9999987011719\" data-csstartpoint=\"38.999998701171876\"><span style=\"color: #808080;\"><a href=\"http:\/\/vle.com.mx\/capacitacion\/wp-content\/uploads\/2015\/05\/7.jpg\"><img loading=\"lazy\" class=\"alignnone wp-image-435 size-full\" src=\"http:\/\/vle.com.mx\/capacitacion\/wp-content\/uploads\/2015\/05\/7.jpg\" alt=\"\" width=\"234\" height=\"231\" \/><\/a><\/span><\/div>\n<div class=\"csColumnGap\" style=\"margin: 0px; padding: 0px; float: left; width: 2.08%;\"><img src=\"http:\/\/vle.com.mx\/capacitacion\/wp-content\/plugins\/advanced-wp-columns\/assets\/js\/plugins\/views\/img\/1x1-pixel.png\" alt=\"\" \/><\/div>\n<div class=\"csColumn\" style=\"margin: 0px; padding: 0px; float: left; width: 52.8%;\" data-csid=\"3ee8f1ab-fad2-d180-8292-4eb87c25ae9f\" data-cswidth=\"52.8%\" data-csendpoint=\"857.00002921875\" data-csstartpoint=\"349.9999987011719\"><span style=\"color: #000000;\"><strong>L.P. Sandra Segovia<\/strong><strong>.<\/strong> Fundadora de TODOS SOMOS ANIMALES y Socio-Director de VLe!. Con m\u00e1s de 20 a\u00f1os de experiencia en Publicidad, Medios e Investigaci\u00f3n de Mercados ha colaborado para marcas como: MTV, Nike, HP, IXE, SENASICA y Cartoon Network entre otras.<\/span><\/div>\n<div class=\"csColumnGap\" style=\"margin: 0px; padding: 0px; float: left; width: 10.7%;\"><img src=\"http:\/\/vle.com.mx\/capacitacion\/wp-content\/plugins\/advanced-wp-columns\/assets\/js\/plugins\/views\/img\/1x1-pixel.png\" alt=\"\" \/><\/div>\n<div style=\"clear: both; float: none; display: block; visibility: hidden; width: 0px; font-size: 0px; line-height: 0;\"><\/div>\n<\/div>\n<div class=\"csRow\">\n<div class=\"csColumnGap\" style=\"margin: 0px; padding: 0px; float: left; width: 3.96%;\"><img src=\"http:\/\/vle.com.mx\/capacitacion\/wp-content\/plugins\/advanced-wp-columns\/assets\/js\/plugins\/views\/img\/1x1-pixel.png\" alt=\"\" \/><\/div>\n<div class=\"csColumn\" style=\"margin: 0px; padding: 0px; float: left; width: 53%;\" data-csid=\"a0aaa1a7-050b-4ad8-921a-11121814c136\" data-cswidth=\"53.0%\" data-csendpoint=\"547.00002921875\" data-csstartpoint=\"37.999998701171876\"><\/div>\n<\/div>\n<div class=\"csRow\">\n<div class=\"csRow\">\n<div class=\"csColumnGap\" style=\"margin: 0px; padding: 0px; float: left; width: 3.96%;\"><img src=\"http:\/\/vle.com.mx\/capacitacion\/wp-content\/plugins\/advanced-wp-columns\/assets\/js\/plugins\/views\/img\/1x1-pixel.png\" alt=\"\" \/><\/div>\n<div class=\"csColumn\" style=\"margin: 0px; padding: 0px; float: left; width: 53%;\" data-csid=\"a0aaa1a7-050b-4ad8-921a-11121814c136\" data-cswidth=\"53.0%\" data-csendpoint=\"547.00002921875\" data-csstartpoint=\"37.999998701171876\"><span style=\"color: #808080;\"><span style=\"color: #333399;\">. . . . . . . . . . . . . . . . . . . . . . . . . . . . . . . . . . . . . . . . .<\/span>\u00a0 <\/span><span style=\"color: #000000;\"><strong>L.D. Ulises Gonz\u00e1lez<\/strong><strong>.<\/strong> Abogado administrativo y laboral . Asesor jur\u00eddico en la iniciativa privada en materia de Seguridad Social y Laboral. Excelente negociador con grandes habilidades comerciales.<\/span><\/div>\n<div class=\"csColumnGap\" style=\"margin: 0px; padding: 0px; float: left; width: 2.08%;\"><img src=\"http:\/\/vle.com.mx\/capacitacion\/wp-content\/plugins\/advanced-wp-columns\/assets\/js\/plugins\/views\/img\/1x1-pixel.png\" alt=\"\" \/><\/div>\n<div class=\"csColumn\" style=\"margin: 0px; padding: 0px; float: left; width: 30.2%;\" data-csid=\"3ee8f1ab-fad2-d180-8292-4eb87c25ae9f\" data-cswidth=\"30.2%\" data-csendpoint=\"857.00002921875\" data-csstartpoint=\"567.00002921875\"><span style=\"color: #808080;\"><a href=\"http:\/\/vle.com.mx\/capacitacion\/wp-content\/uploads\/2015\/05\/8.jpg\"><img loading=\"lazy\" class=\"alignnone wp-image-436 size-full\" src=\"http:\/\/vle.com.mx\/capacitacion\/wp-content\/uploads\/2015\/05\/8.jpg\" alt=\"\" width=\"234\" height=\"231\" \/><\/a><\/span><\/div>\n<\/div>\n<\/div>\n<\/div>\n<\/div>\n<div class=\"csRow\">\n<p>&nbsp;<\/p>\n<div class=\"csRow\">\n<div class=\"csRow\">\n<div class=\"csColumnGap\" style=\"margin: 0px; padding: 0px; float: left; width: 4.06%;\"><img src=\"http:\/\/vle.com.mx\/capacitacion\/wp-content\/plugins\/advanced-wp-columns\/assets\/js\/plugins\/views\/img\/1x1-pixel.png\" alt=\"\" \/><\/div>\n<div class=\"csColumn\" style=\"margin: 0px; padding: 0px; float: left; width: 30.3%;\" data-csid=\"a0aaa1a7-050b-4ad8-921a-11121814c136\" data-cswidth=\"30.3%\" data-csendpoint=\"329.9999987011719\" data-csstartpoint=\"38.999998701171876\"><span style=\"color: #808080;\"><a href=\"http:\/\/vle.com.mx\/capacitacion\/wp-content\/uploads\/2015\/05\/9.jpg\"><img loading=\"lazy\" class=\"alignnone wp-image-437 size-full\" src=\"http:\/\/vle.com.mx\/capacitacion\/wp-content\/uploads\/2015\/05\/9.jpg\" alt=\"\" width=\"234\" height=\"231\" \/><\/a><\/span><\/div>\n<div class=\"csColumnGap\" style=\"margin: 0px; padding: 0px; float: left; width: 2.08%;\"><img src=\"http:\/\/vle.com.mx\/capacitacion\/wp-content\/plugins\/advanced-wp-columns\/assets\/js\/plugins\/views\/img\/1x1-pixel.png\" alt=\"\" \/><\/div>\n<div class=\"csColumn\" style=\"margin: 0px; padding: 0px; float: left; width: 52.8%;\" data-csid=\"3ee8f1ab-fad2-d180-8292-4eb87c25ae9f\" data-cswidth=\"52.8%\" data-csendpoint=\"857.00002921875\" data-csstartpoint=\"349.9999987011719\"><span style=\"color: #000000;\"><strong>D.E. <\/strong><strong>Roberto Bola\u00f1os<\/strong><strong>.<\/strong> Cantante y motociclista empedernido Roberto es actualmente economista, investigador y docente del IPN con m\u00e1s de 40 a\u00f1os de experiencia. Ha sido adem\u00e1s colaborador en instituciones como ISSSTE, FONAPO y Gobierno del Estado de M\u00e9xico, entre otros.<\/span><\/div>\n<div class=\"csColumnGap\" style=\"margin: 0px; padding: 0px; float: left; width: 10.7%;\"><img src=\"http:\/\/vle.com.mx\/capacitacion\/wp-content\/plugins\/advanced-wp-columns\/assets\/js\/plugins\/views\/img\/1x1-pixel.png\" alt=\"\" \/><\/div>\n<div style=\"clear: both; float: none; display: block; visibility: hidden; width: 0px; font-size: 0px; line-height: 0;\"><\/div>\n<\/div>\n<div class=\"csRow\">\n<div class=\"csColumnGap\" style=\"margin: 0px; padding: 0px; float: left; width: 3.96%;\"><img src=\"http:\/\/vle.com.mx\/capacitacion\/wp-content\/plugins\/advanced-wp-columns\/assets\/js\/plugins\/views\/img\/1x1-pixel.png\" alt=\"\" \/><\/div>\n<div class=\"csColumn\" style=\"margin: 0px; padding: 0px; float: left; width: 53%;\" data-csid=\"a0aaa1a7-050b-4ad8-921a-11121814c136\" data-cswidth=\"53.0%\" data-csendpoint=\"547.00002921875\" data-csstartpoint=\"37.999998701171876\"><\/div>\n<\/div>\n<div class=\"csRow\">\n<div class=\"csRow\">\n<div class=\"csColumnGap\" style=\"margin: 0px; padding: 0px; float: left; width: 3.96%;\"><img src=\"http:\/\/vle.com.mx\/capacitacion\/wp-content\/plugins\/advanced-wp-columns\/assets\/js\/plugins\/views\/img\/1x1-pixel.png\" alt=\"\" \/><\/div>\n<div class=\"csColumn\" style=\"margin: 0px; padding: 0px; float: left; width: 53%;\" data-csid=\"a0aaa1a7-050b-4ad8-921a-11121814c136\" data-cswidth=\"53.0%\" data-csendpoint=\"547.00002921875\" data-csstartpoint=\"37.999998701171876\"><span style=\"color: #808080;\"><span style=\"color: #333399;\">. . . . . . . . . . . . . . . . . . . . . . . . . . . . . . . . . . . . . . . . .<\/span>\u00a0 <\/span><span style=\"color: #000000;\"><strong>Psic. Ana Paula<\/strong><strong>.<\/strong> Psic\u00f3loga de profesi\u00f3n y rehabilitadora f\u00edsica, v\u00eda nataci\u00f3n, por vocaci\u00f3n. Con m\u00e1s de 8 a\u00f1os de experiencia en investigaci\u00f3n cualitativa, reclutamiento y log\u00edstica, dise\u00f1o metodol\u00f3gico, as\u00ed como moderaci\u00f3n y an\u00e1lisis.<\/span><\/div>\n<div class=\"csColumnGap\" style=\"margin: 0px; padding: 0px; float: left; width: 2.08%;\"><img src=\"http:\/\/vle.com.mx\/capacitacion\/wp-content\/plugins\/advanced-wp-columns\/assets\/js\/plugins\/views\/img\/1x1-pixel.png\" alt=\"\" \/><\/div>\n<div class=\"csColumn\" style=\"margin: 0px; padding: 0px; float: left; width: 30.2%;\" data-csid=\"3ee8f1ab-fad2-d180-8292-4eb87c25ae9f\" data-cswidth=\"30.2%\" data-csendpoint=\"857.00002921875\" data-csstartpoint=\"567.00002921875\"><span style=\"color: #808080;\"><a href=\"http:\/\/vle.com.mx\/capacitacion\/wp-content\/uploads\/2015\/05\/10.jpg\"><img loading=\"lazy\" class=\"alignnone wp-image-438 size-full\" src=\"http:\/\/vle.com.mx\/capacitacion\/wp-content\/uploads\/2015\/05\/10.jpg\" alt=\"\" width=\"234\" height=\"231\" \/><\/a><\/span><\/div>\n<\/div>\n<\/div>\n<\/div>\n<\/div>\n<h2 style=\"padding-left: 30px;\"><span style=\"color: #333399;\"><strong style=\"color: #333399;\">\u00a0<\/strong><\/span><\/h2>\n<p>&nbsp;<\/p>\n","protected":false},"excerpt":{"rendered":"<p>Somos docentes que conservamos el poder de asombrarse, que estamos dispuestos a crear, que disfrutamos al ense\u00f1ar, que estamos dispuestos a transformar y a transformarnos. Queremos que los participantes disfruten, se diviertan, exploren, se aventuren, se arriesguen, urdan, inventen y&hellip; <\/p>\n","protected":false},"author":1,"featured_media":0,"parent":0,"menu_order":3,"comment_status":"closed","ping_status":"closed","template":"","meta":[],"_links":{"self":[{"href":"http:\/\/vle.com.mx\/capacitacion\/wp-json\/wp\/v2\/pages\/305"}],"collection":[{"href":"http:\/\/vle.com.mx\/capacitacion\/wp-json\/wp\/v2\/pages"}],"about":[{"href":"http:\/\/vle.com.mx\/capacitacion\/wp-json\/wp\/v2\/types\/page"}],"author":[{"embeddable":true,"href":"http:\/\/vle.com.mx\/capacitacion\/wp-json\/wp\/v2\/users\/1"}],"replies":[{"embeddable":true,"href":"http:\/\/vle.com.mx\/capacitacion\/wp-json\/wp\/v2\/comments?post=305"}],"version-history":[{"count":85,"href":"http:\/\/vle.com.mx\/capacitacion\/wp-json\/wp\/v2\/pages\/305\/revisions"}],"predecessor-version":[{"id":483,"href":"http:\/\/vle.com.mx\/capacitacion\/wp-json\/wp\/v2\/pages\/305\/revisions\/483"}],"wp:attachment":[{"href":"http:\/\/vle.com.mx\/capacitacion\/wp-json\/wp\/v2\/media?parent=305"}],"curies":[{"name":"wp","href":"https:\/\/api.w.org\/{rel}","templated":true}]}}