{"id":13,"date":"2015-03-02T07:25:02","date_gmt":"2015-03-02T07:25:02","guid":{"rendered":"http:\/\/vle.com.mx\/capacitacion\/?page_id=13"},"modified":"2016-07-07T04:58:41","modified_gmt":"2016-07-07T04:58:41","slug":"clientes-distinguidos","status":"publish","type":"page","link":"http:\/\/vle.com.mx\/capacitacion\/clientes-distinguidos\/","title":{"rendered":"Los que ya se animaron"},"content":{"rendered":"<p>No participamos en ninguna organizaci\u00f3n o certamen que dispensen premios ni distinciones. Sin menospreciar la relevancia comercial de los galardones institucionales, en <span style=\"color: #008000;\"><strong>VLe!<\/strong><\/span> tenemos la convicci\u00f3n de que <strong>el agradecimiento y la estima de sus clientes constituyen el mejor reconocimiento profesional<\/strong> que pueda recibir.<\/p>\n<div class=\"csRow\">\n<div class=\"csColumn\" style=\"margin: 0px; padding: 0px; float: left; width: 17.3%;\" data-csid=\"29705e60-78e0-d350-a0e6-d0223d9a709c\" data-cswidth=\"17.3%\" data-csendpoint=\"166\" data-csstartpoint=\"0\"><a href=\"http:\/\/www.vle.com.mx\/descargas\/cartas\/mtv.pdf\" target=\"_blank\"><img loading=\"lazy\" class=\"alignnone size-medium wp-image-134\" src=\"http:\/\/vle.com.mx\/capacitacion\/wp-content\/uploads\/2015\/03\/mtv-300x257.png\" alt=\"mtv\" width=\"300\" height=\"257\" srcset=\"http:\/\/vle.com.mx\/capacitacion\/wp-content\/uploads\/2015\/03\/mtv-300x257.png 300w, http:\/\/vle.com.mx\/capacitacion\/wp-content\/uploads\/2015\/03\/mtv.png 367w\" sizes=\"(max-width: 300px) 100vw, 300px\" \/><\/a><\/div>\n<div class=\"csColumnGap\" style=\"margin: 0px; padding: 0px; float: left; width: 2.29%;\"><img src=\"http:\/\/vle.com.mx\/capacitacion\/wp-content\/plugins\/advanced-wp-columns\/assets\/js\/plugins\/views\/img\/1x1-pixel.png\" alt=\"\" \/><\/div>\n<div class=\"csColumn\" style=\"margin: 0px; padding: 0px; float: left; width: 76.3%;\" data-csid=\"ff56f611-a428-71cf-a50e-dc270722053f\" data-cswidth=\"76.3%\" data-csendpoint=\"920\" data-csstartpoint=\"188\">\n<p style=\"text-align: left;\">\u00abSus recomendaciones y desarrollo de metodolog\u00edas son siempre de nuestro inter\u00e9s, por lo que los inclu\u00edmos regularmente en nuestros requerimientos de estudios de investigaci\u00f3n de mercados.\u00bb<\/p>\n<\/div>\n<\/div>\n<p>. . . . . . . . . . . . . . . . . . . . . . . . . . . . . . . . . . . . . . . . . . . . . . . . .<\/p>\n<div class=\"csRow\">\n<div class=\"csColumn\" style=\"margin: 0px; padding: 0px; float: left; width: 17.3%;\" data-csid=\"29705e60-78e0-d350-a0e6-d0223d9a709c\" data-cswidth=\"17.3%\" data-csendpoint=\"166\" data-csstartpoint=\"0\"><a href=\"http:\/\/www.vle.com.mx\/descargas\/cartas\/mundo.pdf\" target=\"_blank\"><img loading=\"lazy\" class=\"alignnone wp-image-152 size-full\" src=\"http:\/\/vle.com.mx\/capacitacion\/wp-content\/uploads\/2015\/03\/world.jpg\" alt=\"\" width=\"294\" height=\"131\" \/><\/a><\/div>\n<div class=\"csColumnGap\" style=\"margin: 0px; padding: 0px; float: left; width: 2.29%;\"><img src=\"http:\/\/vle.com.mx\/capacitacion\/wp-content\/plugins\/advanced-wp-columns\/assets\/js\/plugins\/views\/img\/1x1-pixel.png\" alt=\"\" \/><\/div>\n<div class=\"csColumn\" style=\"margin: 0px; padding: 0px; float: left; width: 76.3%;\" data-csid=\"ff56f611-a428-71cf-a50e-dc270722053f\" data-cswidth=\"76.3%\" data-csendpoint=\"920\" data-csstartpoint=\"188\">\n<p style=\"text-align: left;\">\u00abEl servicio prestado por esta empresa es excelente, la calidad siempre es la misma. Siempre cumpliendo en tiempo y forma.\u00bb<\/p>\n<\/div>\n<\/div>\n<p>. . . . . . . . . . . . . . . . . . . . . . . . . . . . . . . . . . . . . . . . . . . . . . . . .<\/p>\n<div class=\"csRow\">\n<div class=\"csColumn\" style=\"margin: 0px; padding: 0px; float: left; width: 17.3%;\" data-csid=\"29705e60-78e0-d350-a0e6-d0223d9a709c\" data-cswidth=\"17.3%\" data-csendpoint=\"166\" data-csstartpoint=\"0\"><a href=\"http:\/\/www.vle.com.mx\/descargas\/cartas\/novedades.pdf\" target=\"_blank\"><img loading=\"lazy\" class=\"alignnone wp-image-170 size-medium\" src=\"http:\/\/vle.com.mx\/capacitacion\/wp-content\/uploads\/2015\/03\/vovedades-300x109.jpg\" alt=\"Novedades\" width=\"300\" height=\"109\" srcset=\"http:\/\/vle.com.mx\/capacitacion\/wp-content\/uploads\/2015\/03\/vovedades-300x109.jpg 300w, http:\/\/vle.com.mx\/capacitacion\/wp-content\/uploads\/2015\/03\/vovedades.jpg 481w\" sizes=\"(max-width: 300px) 100vw, 300px\" \/><\/a><\/div>\n<div class=\"csColumnGap\" style=\"margin: 0px; padding: 0px; float: left; width: 2.29%;\"><img src=\"http:\/\/vle.com.mx\/capacitacion\/wp-content\/plugins\/advanced-wp-columns\/assets\/js\/plugins\/views\/img\/1x1-pixel.png\" alt=\"\" \/><\/div>\n<div class=\"csColumn\" style=\"margin: 0px; padding: 0px; float: left; width: 76.3%;\" data-csid=\"ff56f611-a428-71cf-a50e-dc270722053f\" data-cswidth=\"76.3%\" data-csendpoint=\"920\" data-csstartpoint=\"188\">\n<p style=\"text-align: left;\">\u201cUna empresa profesional y con alta calidad en sus servicios.\u201d<\/p>\n<\/div>\n<\/div>\n<p>. . . . . . . . . . . . . . . . . . . . . . . . . . . . . . . . . . . . . . . . . . . . . . . . .<\/p>\n<div class=\"csRow\">\n<div class=\"csColumn\" style=\"margin: 0px; padding: 0px; float: left; width: 17.3%;\" data-csid=\"29705e60-78e0-d350-a0e6-d0223d9a709c\" data-cswidth=\"17.3%\" data-csendpoint=\"166\" data-csstartpoint=\"0\"><a href=\"http:\/\/www.vle.com.mx\/descargas\/cartas\/circulo.pdf\" target=\"_blank\"><img loading=\"lazy\" class=\"alignleft wp-image-177 size-medium\" src=\"http:\/\/vle.com.mx\/capacitacion\/wp-content\/uploads\/2015\/03\/circle-300x234.jpg\" alt=\"\" width=\"300\" height=\"234\" srcset=\"http:\/\/vle.com.mx\/capacitacion\/wp-content\/uploads\/2015\/03\/circle-300x234.jpg 300w, http:\/\/vle.com.mx\/capacitacion\/wp-content\/uploads\/2015\/03\/circle.jpg 561w\" sizes=\"(max-width: 300px) 100vw, 300px\" \/><\/a><\/div>\n<div class=\"csColumnGap\" style=\"margin: 0px; padding: 0px; float: left; width: 2.29%;\"><img src=\"http:\/\/vle.com.mx\/capacitacion\/wp-content\/plugins\/advanced-wp-columns\/assets\/js\/plugins\/views\/img\/1x1-pixel.png\" alt=\"\" \/><\/div>\n<div class=\"csColumn\" style=\"margin: 0px; padding: 0px; float: left; width: 76.3%;\" data-csid=\"ff56f611-a428-71cf-a50e-dc270722053f\" data-cswidth=\"76.3%\" data-csendpoint=\"920\" data-csstartpoint=\"188\">\n<p style=\"text-align: left;\">\u201cUna empresa l\u00edder en su ramo con un trato siempre de la mayor seriedad.\u201d<\/p>\n<\/div>\n<\/div>\n<p>. . . . . . . . . . . . . . . . . . . . . . . . . . . . . . . . . . . . . . . . . . . . . . . . .<\/p>\n<div class=\"csRow\">\n<div class=\"csColumn\" style=\"margin: 0px; padding: 0px; float: left; width: 17.3%;\" data-csid=\"29705e60-78e0-d350-a0e6-d0223d9a709c\" data-cswidth=\"17.3%\" data-csendpoint=\"166\" data-csstartpoint=\"0\"><a href=\"http:\/\/www.vle.com.mx\/descargas\/cartas\/medios.pdf\" target=\"_blank\"><img loading=\"lazy\" class=\"alignnone wp-image-211 size-medium\" src=\"http:\/\/vle.com.mx\/capacitacion\/wp-content\/uploads\/2015\/03\/medios-300x162.jpg\" alt=\"\" width=\"300\" height=\"162\" srcset=\"http:\/\/vle.com.mx\/capacitacion\/wp-content\/uploads\/2015\/03\/medios-300x162.jpg 300w, http:\/\/vle.com.mx\/capacitacion\/wp-content\/uploads\/2015\/03\/medios.jpg 410w\" sizes=\"(max-width: 300px) 100vw, 300px\" \/><\/a><\/div>\n<div class=\"csColumnGap\" style=\"margin: 0px; padding: 0px; float: left; width: 2.29%;\"><img src=\"http:\/\/vle.com.mx\/capacitacion\/wp-content\/plugins\/advanced-wp-columns\/assets\/js\/plugins\/views\/img\/1x1-pixel.png\" alt=\"\" \/><\/div>\n<div class=\"csColumn\" style=\"margin: 0px; padding: 0px; float: left; width: 76.3%;\" data-csid=\"ff56f611-a428-71cf-a50e-dc270722053f\" data-cswidth=\"76.3%\" data-csendpoint=\"920\" data-csstartpoint=\"188\">\n<p style=\"text-align: left;\">\u201cTrabajar con <strong><span style=\"color: #008000;\">VLe!<\/span><\/strong>: una experienca magn\u00edfica. \u201d<\/p>\n<\/div>\n<\/div>\n<p>. . . . . . . . . . . . . . . . . . . . . . . . . . . . . . . . . . . . . . . . . . . . . . . . .<\/p>\n<div class=\"csRow\">\n<div class=\"csColumn\" style=\"margin: 0px; padding: 0px; float: left; width: 17.3%;\" data-csid=\"29705e60-78e0-d350-a0e6-d0223d9a709c\" data-cswidth=\"17.3%\" data-csendpoint=\"166\" data-csstartpoint=\"0\"><a href=\"http:\/\/www.vle.com.mx\/descargas\/cartas\/materia.pdf\" target=\"_blank\"><img loading=\"lazy\" class=\"alignnone wp-image-214 size-full\" src=\"http:\/\/vle.com.mx\/capacitacion\/wp-content\/uploads\/2015\/03\/materia.jpg\" alt=\"\" width=\"269\" height=\"143\" \/><\/a><\/div>\n<div class=\"csColumnGap\" style=\"margin: 0px; padding: 0px; float: left; width: 2.29%;\"><img src=\"http:\/\/vle.com.mx\/capacitacion\/wp-content\/plugins\/advanced-wp-columns\/assets\/js\/plugins\/views\/img\/1x1-pixel.png\" alt=\"\" \/><\/div>\n<div class=\"csColumn\" style=\"margin: 0px; padding: 0px; float: left; width: 76.3%;\" data-csid=\"ff56f611-a428-71cf-a50e-dc270722053f\" data-cswidth=\"76.3%\" data-csendpoint=\"920\" data-csstartpoint=\"188\">\n<p style=\"text-align: left;\">\u201cUna compa\u00f1\u00eda de una gran solvencia moral y profesional.\u201d<\/p>\n<\/div>\n<\/div>\n<p>. . . . . . . . . . . . . . . . . . . . . . . . . . . . . . . . . . . . . . . . . . . . . . . . .<\/p>\n<div class=\"csRow\">\n<div class=\"csColumn\" style=\"margin: 0px; padding: 0px; float: left; width: 17.3%;\" data-csid=\"29705e60-78e0-d350-a0e6-d0223d9a709c\" data-cswidth=\"17.3%\" data-csendpoint=\"166\" data-csstartpoint=\"0\"><a href=\"http:\/\/www.vle.com.mx\/descargas\/cartas\/31416.pdf\" target=\"_blank\"><img loading=\"lazy\" class=\"alignnone wp-image-215 size-full\" src=\"http:\/\/vle.com.mx\/capacitacion\/wp-content\/uploads\/2015\/03\/31416.jpg\" alt=\"\" width=\"273\" height=\"164\" \/><\/a><\/div>\n<div class=\"csColumnGap\" style=\"margin: 0px; padding: 0px; float: left; width: 2.29%;\"><img src=\"http:\/\/vle.com.mx\/capacitacion\/wp-content\/plugins\/advanced-wp-columns\/assets\/js\/plugins\/views\/img\/1x1-pixel.png\" alt=\"\" \/><\/div>\n<div class=\"csColumn\" style=\"margin: 0px; padding: 0px; float: left; width: 76.3%;\" data-csid=\"ff56f611-a428-71cf-a50e-dc270722053f\" data-cswidth=\"76.3%\" data-csendpoint=\"920\" data-csstartpoint=\"188\">\n<p style=\"text-align: left;\">\u201cNuestra experiencia con VLe! ha sido magn\u00edfica. Se han mostrado siempre como una empresa l\u00edder en su ramo y eficaz en su desempe\u00f1o.\u201d<\/p>\n<\/div>\n<\/div>\n<p>. . . . . . . . . . . . . . . . . . . . . . . . . . . . . . . . . . . . . . . . . . . . . . . . .<\/p>\n<h6><span style=\"color: #008000;\"><strong>La lista sigue creciendo<br \/>\n<\/strong><\/span><\/h6>\n<p>&nbsp;<\/p>\n<div class=\"csRow\">\n<div class=\"csColumnGap\" style=\"margin: 0px; padding: 0px; float: left; width: 2.08%;\"><img src=\"http:\/\/vle.com.mx\/capacitacion\/wp-content\/plugins\/advanced-wp-columns\/assets\/js\/plugins\/views\/img\/1x1-pixel.png\" alt=\"\" \/><\/div>\n<div class=\"csColumn\" style=\"margin: 0px; padding: 0px; float: left; width: 25.6%;\" data-csid=\"ca8c6ae9-1c84-d657-bc7b-b152dc4c5a44\" data-cswidth=\"25.6%\" data-csendpoint=\"266\" data-csstartpoint=\"20\">\n<ul>\n<li>Braniff<\/li>\n<li>Camelot Strategic Marketing &amp; Media<\/li>\n<li>Debate<\/li>\n<li>Diario de Morelos<\/li>\n<li>El Bravo<\/li>\n<li>El Diario<\/li>\n<li>El Ma\u00f1ana<\/li>\n<li>El Mexicano<\/li>\n<li>El Mundo de C\u00f3rdoba<\/li>\n<li>El Mundo al d\u00eda<\/li>\n<li>El Peso de Chihuahua<\/li>\n<li>Elektra<\/li>\n<li>Foro Consultivo Cient\u00edfico y Tecnol\u00f3gico A.C.<\/li>\n<li>Grupo Financiero Banorte<\/li>\n<li>Holanda<\/li>\n<\/ul>\n<\/div>\n<div class=\"csColumnGap\" style=\"margin: 0px; padding: 0px; float: left; width: 2.19%;\"><img src=\"http:\/\/vle.com.mx\/capacitacion\/wp-content\/plugins\/advanced-wp-columns\/assets\/js\/plugins\/views\/img\/1x1-pixel.png\" alt=\"\" \/><\/div>\n<div class=\"csColumn\" style=\"margin: 0px; padding: 0px; float: left; width: 23.2%;\" data-csid=\"53830ece-b9f5-27b5-9529-a49635a8b949\" data-cswidth=\"23.2%\" data-csendpoint=\"510\" data-csstartpoint=\"287\">\n<ul>\n<li>HP<\/li>\n<li>Huasteca Hoy<\/li>\n<li>Inititative<\/li>\n<li>ISM Corporativo<\/li>\n<li>IXE<\/li>\n<li>La Peninsular Seguros<\/li>\n<li>LOWE<\/li>\n<li>Markwald, La Madrid &amp; Asociados<\/li>\n<li>Materia Gris<\/li>\n<li>Medios Masivos Mexicanos<\/li>\n<li>Milenio<\/li>\n<li>Media Planning Group<\/li>\n<li>MTV Networks Latin America<\/li>\n<li>Nike<\/li>\n<\/ul>\n<\/div>\n<div class=\"csColumnGap\" style=\"margin: 0px; padding: 0px; float: left; width: 3.02%;\"><img src=\"http:\/\/vle.com.mx\/capacitacion\/wp-content\/plugins\/advanced-wp-columns\/assets\/js\/plugins\/views\/img\/1x1-pixel.png\" alt=\"\" \/><\/div>\n<div class=\"csColumn\" style=\"margin: 0px; padding: 0px; float: left; width: 22.8%;\" data-csid=\"69d8a79a-6ec9-faf5-b63d-08d01211c1f5\" data-cswidth=\"22.8%\" data-csendpoint=\"758\" data-csstartpoint=\"539\">\n<ul>\n<li>Novedades<\/li>\n<li>Novedades Quintana Roo<\/li>\n<li>Percep<\/li>\n<li>Phillips<\/li>\n<li>PM La Noticia al Minuto<\/li>\n<li>Pulso<\/li>\n<li>Royal Prestige<\/li>\n<li>San Luis HOY<\/li>\n<li>Senasica<\/li>\n<li>Tres.1416<\/li>\n<li>UAM Xochimilico<\/li>\n<li>Unipagos<\/li>\n<li>Zenith Optimedia<\/li>\n<\/ul>\n<\/div>\n<div class=\"csColumnGap\" style=\"margin: 0px; padding: 0px; float: left; width: 21%;\"><img src=\"http:\/\/vle.com.mx\/capacitacion\/wp-content\/plugins\/advanced-wp-columns\/assets\/js\/plugins\/views\/img\/1x1-pixel.png\" alt=\"\" \/><\/div>\n<div style=\"clear: both; float: none; display: block; visibility: hidden; width: 0px; font-size: 0px; line-height: 0;\"><\/div>\n<\/div>\n","protected":false},"excerpt":{"rendered":"<p>No participamos en ninguna organizaci\u00f3n o certamen que dispensen premios ni distinciones. Sin menospreciar la relevancia comercial de los galardones institucionales, en VLe! tenemos la convicci\u00f3n de que el agradecimiento y la estima de sus clientes constituyen el mejor reconocimiento&hellip; <\/p>\n","protected":false},"author":1,"featured_media":0,"parent":0,"menu_order":4,"comment_status":"closed","ping_status":"closed","template":"","meta":[],"_links":{"self":[{"href":"http:\/\/vle.com.mx\/capacitacion\/wp-json\/wp\/v2\/pages\/13"}],"collection":[{"href":"http:\/\/vle.com.mx\/capacitacion\/wp-json\/wp\/v2\/pages"}],"about":[{"href":"http:\/\/vle.com.mx\/capacitacion\/wp-json\/wp\/v2\/types\/page"}],"author":[{"embeddable":true,"href":"http:\/\/vle.com.mx\/capacitacion\/wp-json\/wp\/v2\/users\/1"}],"replies":[{"embeddable":true,"href":"http:\/\/vle.com.mx\/capacitacion\/wp-json\/wp\/v2\/comments?post=13"}],"version-history":[{"count":100,"href":"http:\/\/vle.com.mx\/capacitacion\/wp-json\/wp\/v2\/pages\/13\/revisions"}],"predecessor-version":[{"id":339,"href":"http:\/\/vle.com.mx\/capacitacion\/wp-json\/wp\/v2\/pages\/13\/revisions\/339"}],"wp:attachment":[{"href":"http:\/\/vle.com.mx\/capacitacion\/wp-json\/wp\/v2\/media?parent=13"}],"curies":[{"name":"wp","href":"https:\/\/api.w.org\/{rel}","templated":true}]}}