{"id":11,"date":"2015-04-28T00:19:52","date_gmt":"2015-04-28T00:19:52","guid":{"rendered":"http:\/\/vle.com.mx\/capacitacion\/?page_id=11"},"modified":"2016-07-07T05:06:18","modified_gmt":"2016-07-07T05:06:18","slug":"repertorio","status":"publish","type":"page","link":"http:\/\/vle.com.mx\/capacitacion\/repertorio\/","title":{"rendered":"El repertorio"},"content":{"rendered":"<h2 style=\"padding-left: 30px; text-align: left;\"><span style=\"color: #000080;\"><strong>Podemos<\/strong><\/span><\/h2>\n<p style=\"padding-left: 30px; text-align: left;\">realizar capacitaci\u00f3n mediante <strong>Talleres dise\u00f1ados a la medida<\/strong> para los Sectores Industrial, Comercial, de Servicios y Valores, en las \u00e1reas:<\/p>\n<div class=\"csRow\">\n<div class=\"csColumnGap\" style=\"margin: 0px; padding: 0px 0px 0px 30px; float: left; width: 2.6%;\"><img src=\"http:\/\/vle.com.mx\/capacitacion\/wp-content\/plugins\/advanced-wp-columns\/assets\/js\/plugins\/views\/img\/1x1-pixel.png\" alt=\"\" \/><\/div>\n<div class=\"csColumn\" style=\"margin: 0px; padding: 0px 0px 0px 30px; float: left; width: 28%;\" data-csid=\"b45140f4-2131-16ab-bc34-9e9af816707f\" data-cswidth=\"28.0%\" data-csendpoint=\"294\" data-csstartpoint=\"25\">\n<p style=\"padding-left: 30px;\">\u2022 Administraci\u00f3n<br \/>\n\u2022 Calidad<br \/>\n\u2022 Clima Laboral<br \/>\n\u2022 Contabilidad<br \/>\n\u2022 Comunicaci\u00f3n<br \/>\n\u2022 Creatividad<br \/>\n\u2022 Derecho Laboral<br \/>\n\u2022 Desarrollo Humano<br \/>\n\u2022 Discapacidad<br \/>\n\u2022\u00a0Econom\u00eda Educaci\u00f3n<\/p>\n<\/div>\n<div class=\"csColumnGap\" style=\"margin: 0px; padding: 0px 0px 0px 30px; float: left; width: 3.23%;\"><img src=\"http:\/\/vle.com.mx\/capacitacion\/wp-content\/plugins\/advanced-wp-columns\/assets\/js\/plugins\/views\/img\/1x1-pixel.png\" alt=\"\" \/><\/div>\n<div class=\"csColumn\" style=\"margin: 0px; padding: 0px 0px 0px 30px; float: left; width: 32.6%;\" data-csid=\"3e9d0a18-12c1-23d7-b4e7-8997b9c6df41\" data-cswidth=\"32.6%\" data-csendpoint=\"638\" data-csstartpoint=\"325\">\n<p style=\"padding-left: 30px;\">\u2022\u00a0Finanzas<br \/>\n\u2022\u00a0Marketing<br \/>\n\u2022\u00a0Psicolog\u00eda<br \/>\n\u2022 Producci\u00f3n Audiovisual<br \/>\n\u2022 Redes Sociales<br \/>\n\u2022 Reformas fiscales<br \/>\n\u2022 Seguridad Social<br \/>\n\u2022 Stylist<br \/>\n\u2022 Tecnolog\u00edas Inform\u00e1ticas<br \/>\n\u2022 Entre otras<\/p>\n<\/div>\n<div class=\"csColumnGap\" style=\"margin: 0px; padding: 0px; float: left; width: 33.5%;\"><img src=\"http:\/\/vle.com.mx\/capacitacion\/wp-content\/plugins\/advanced-wp-columns\/assets\/js\/plugins\/views\/img\/1x1-pixel.png\" alt=\"\" \/><\/div>\n<div style=\"clear: both; float: none; display: block; visibility: hidden; width: 0px; font-size: 0px; line-height: 0;\"><\/div>\n<\/div>\n<p style=\"padding-left: 30px; text-align: left;\"><strong><span style=\"color: #000080;\">Servicio Pre y post Capacitaci\u00f3n<\/span><\/strong><\/p>\n<p style=\"padding-left: 30px;\"><span style=\"color: #000000;\">\u2022 Empleamos\u00a0 el an\u00e1lisis de necesidades porque permite fundamentar t\u00e9cnicamente las decisiones sobre hacer la capacitaci\u00f3n, mejora el proceso de toma de decisiones y todas sus implicaciones t\u00e9cnicas y financieras. De tal manera que la: inversi\u00f3n en capacitaci\u00f3n y formaci\u00f3n tengan una direccionalidad y\u00a0 satisfagan las necesidades de capacitaci\u00f3n. No capacitar por capacitar.<\/span><\/p>\n<p style=\"padding-left: 30px;\"><span style=\"color: #000000;\"> \u2022 Utilizamos\u00a0 herramientas para analizar las necesidades. Una primera acci\u00f3n a ejecutar para el an\u00e1lisis de necesidades es tener un marco de referencia sobre la fuerza de trabajo de la organizaci\u00f3n, el universo que nos preocupa, y algunas de sus caracter\u00edsticas. Decididas las estrategias dise\u00f1aremos un conjunto de acciones pedag\u00f3gicas que gen\u00e9ricamente denominaremos cursos y que ser\u00e1n organizados en un Plan de capacitaci\u00f3n que se manejar\u00e1 con enfoque tanto correctivo, como prospectivo.<\/span><\/p>\n<p style=\"padding-left: 30px;\"><span style=\"color: #000000;\"> \u2022 Disponemos de un amplio portafolio de t\u00e9cnicas de aprendizaje, apto para solventar literalmente cualquier necesidad de capacitaci\u00f3n.<\/span><\/p>\n<p style=\"padding-left: 30px;\"><span style=\"color: #000000;\"> \u2022 Nos concentramos en la ense\u00f1anza, en la atenci\u00f3n y en el servicio, no en la comercializaci\u00f3n. No practicamos ventas a presi\u00f3n ni recetamos a nuestros clientes capacitaciones superfluas.<\/span><\/p>\n<p style=\"padding-left: 30px;\"><a href=\"http:\/\/vle.com.mx\/capacitacion\/wp-content\/uploads\/2015\/04\/cursos.jpg\"><img loading=\"lazy\" class=\"alignleft wp-image-370 size-full\" src=\"http:\/\/vle.com.mx\/capacitacion\/wp-content\/uploads\/2015\/04\/cursos.jpg\" alt=\"cursos\" width=\"487\" height=\"341\" srcset=\"http:\/\/vle.com.mx\/capacitacion\/wp-content\/uploads\/2015\/04\/cursos.jpg 487w, http:\/\/vle.com.mx\/capacitacion\/wp-content\/uploads\/2015\/04\/cursos-300x210.jpg 300w\" sizes=\"(max-width: 487px) 100vw, 487px\" \/><\/a><\/p>\n<p>&nbsp;<\/p>\n<p>&nbsp;<\/p>\n<p>&nbsp;<\/p>\n<p>&nbsp;<\/p>\n<p>&nbsp;<\/p>\n<p>&nbsp;<\/p>\n<p>&nbsp;<\/p>\n<p>&nbsp;<\/p>\n<p>&nbsp;<\/p>\n<p>&nbsp;<\/p>\n","protected":false},"excerpt":{"rendered":"<p>Podemos realizar capacitaci\u00f3n mediante Talleres dise\u00f1ados a la medida para los Sectores Industrial, Comercial, de Servicios y Valores, en las \u00e1reas: \u2022 Administraci\u00f3n \u2022 Calidad \u2022 Clima Laboral \u2022 Contabilidad \u2022 Comunicaci\u00f3n \u2022 Creatividad \u2022 Derecho Laboral \u2022 Desarrollo Humano&hellip; <\/p>\n","protected":false},"author":1,"featured_media":0,"parent":0,"menu_order":2,"comment_status":"closed","ping_status":"closed","template":"","meta":[],"_links":{"self":[{"href":"http:\/\/vle.com.mx\/capacitacion\/wp-json\/wp\/v2\/pages\/11"}],"collection":[{"href":"http:\/\/vle.com.mx\/capacitacion\/wp-json\/wp\/v2\/pages"}],"about":[{"href":"http:\/\/vle.com.mx\/capacitacion\/wp-json\/wp\/v2\/types\/page"}],"author":[{"embeddable":true,"href":"http:\/\/vle.com.mx\/capacitacion\/wp-json\/wp\/v2\/users\/1"}],"replies":[{"embeddable":true,"href":"http:\/\/vle.com.mx\/capacitacion\/wp-json\/wp\/v2\/comments?post=11"}],"version-history":[{"count":48,"href":"http:\/\/vle.com.mx\/capacitacion\/wp-json\/wp\/v2\/pages\/11\/revisions"}],"predecessor-version":[{"id":485,"href":"http:\/\/vle.com.mx\/capacitacion\/wp-json\/wp\/v2\/pages\/11\/revisions\/485"}],"wp:attachment":[{"href":"http:\/\/vle.com.mx\/capacitacion\/wp-json\/wp\/v2\/media?parent=11"}],"curies":[{"name":"wp","href":"https:\/\/api.w.org\/{rel}","templated":true}]}}